{"id":845,"date":"2021-01-22T12:39:56","date_gmt":"2021-01-22T11:39:56","guid":{"rendered":"https:\/\/pericardconseil.fr\/?page_id=2"},"modified":"2021-09-30T11:01:13","modified_gmt":"2021-09-30T09:01:13","slug":"systembio","status":"publish","type":"page","link":"https:\/\/www.projets-bioprovence.fr\/systembio\/","title":{"rendered":"Mon projet de conversion ou d&rsquo;installation en bio en grandes cultures"},"content":{"rendered":"\n<h3 class=\"chiffres\"><i class=\"fas fa-clock\"><\/i> 5 minutes pour orienter votre projet bio<\/h3>\n\n\n\n<p>L\u2019outil se veut facile d\u2019acc\u00e8s. Il devra permettre en quelques minutes de mettre en correspondance le syst\u00e8me de production correspondant le mieux au projet des agriculteurs. Il leur permettra de se projeter sur le fonctionnement possible de leur ferme ce qui les incitera \u00e0 <strong><em>opter pour la conversion en bio<\/em><\/strong> ou\/ou \u00e0<strong><em>  s&rsquo;orienter sur un projet bio<\/em><\/strong>.<\/p>\n\n\n\n<p>L&rsquo;<strong>outil en ligne d\u2019orientation et d\u2019aide \u00e0 la d\u00e9cision <\/strong>est accessible \u00e0 tous, il se d\u00e9roule en plusieurs \u00e9tapes :&nbsp;<\/p>\n\n\n\n<ul class=\"wp-block-list\"><li>Les utilisateurs renseignent des indicateurs via un formulaire afin de pr\u00e9ciser le type de projet, conversion ou installation bio, le type d\u2019approche <strong><em>PROJET<\/em><\/strong> ou <strong><em>TECHNIQUE<\/em><\/strong> selon la fili\u00e8re et\/ou l&rsquo;avancement et le contexte du porteur de projet. Le formulaire PROJET (fili\u00e8re Grande Cultures uniquement) recense les attentes du porteur, la fa\u00e7on dont il envisage son activit\u00e9, le type de production et de commercialisation. Le formulaire TECHNIQUE (fili\u00e8res Grandes Cultures et Mara\u00eechage) recense quant \u00e0 lui les donn\u00e9es techniques du porteur et en particulier sa capacit\u00e9 d\u2019irrigation qui est discriminante des syst\u00e8mes de production.&nbsp;<\/li><li>Quelle que soit l\u2019approche, une ou plusieurs \u201ctypologies\u201d de fermes en bio (discriminant des syst\u00e8mes de production) seront affich\u00e9es d\u00e9taillant des donn\u00e9es technico-\u00e9conomiques, syst\u00e9miques et sociales de r\u00e9f\u00e9rence sur des syst\u00e8mes bio de la r\u00e9gion PACA.&nbsp;<\/li><li>Pour aller plus loin, des liens vers des ressources compl\u00e9mentaires et plus cibl\u00e9es sont propos\u00e9s et notamment la possibilit\u00e9 d\u2019entrer en contact avec un conseiller technique pour accompagner le projet.<\/li><\/ul>\n\n\n\n<p><a href=\"https:\/\/www.projets-bioprovence.fr\/systembio\/wp-content\/uploads\/2021\/08\/Notice-utilisation-System-Bio-1.pdf\">T\u00e9l\u00e9charger la notice d&rsquo;utilisation<\/a><\/p>\n\n\n\n<div class=\"wp-block-columns is-layout-flex wp-container-core-columns-is-layout-9d6595d7 wp-block-columns-is-layout-flex\">\n<div class=\"wp-block-column is-layout-flow wp-block-column-is-layout-flow\">\n<a href=\"https:\/\/www.projets-bioprovence.fr\/systembio\/le-formulaire-system-bio-en-grandes-cultures\/\" class=\"btn1\">D\u00e9marrer \u00ab\u00a0System Bio\u00a0\u00bb en Grandes Cultures et PPAM<\/a>\n<\/div>\n\n\n\n<div class=\"wp-block-column is-layout-flow wp-block-column-is-layout-flow\">\n<a href=\"https:\/\/www.projets-bioprovence.fr\/systembio\/le-formulaire-system-bio-en-maraichage\/\" class=\"btn2\">D\u00e9marrer \u00ab\u00a0System Bio\u00a0\u00bb en Mara\u00eechage<\/a>\n<\/div>\n<\/div>\n","protected":false},"excerpt":{"rendered":"<p>5 minutes pour orienter votre projet bio L\u2019outil se veut facile d\u2019acc\u00e8s. Il devra permettre en quelques minutes de mettre en correspondance le syst\u00e8me de production correspondant le mieux au projet des agriculteurs. Il&#46;&#46;&#46;<\/p>\n","protected":false},"author":1,"featured_media":0,"parent":0,"menu_order":0,"comment_status":"closed","ping_status":"open","template":"","meta":{"footnotes":""},"categories":[],"tags":[],"class_list":["post-845","page","type-page","status-publish","hentry"],"_links":{"self":[{"href":"https:\/\/www.projets-bioprovence.fr\/systembio\/wp-json\/wp\/v2\/pages\/845","targetHints":{"allow":["GET"]}}],"collection":[{"href":"https:\/\/www.projets-bioprovence.fr\/systembio\/wp-json\/wp\/v2\/pages"}],"about":[{"href":"https:\/\/www.projets-bioprovence.fr\/systembio\/wp-json\/wp\/v2\/types\/page"}],"author":[{"embeddable":true,"href":"https:\/\/www.projets-bioprovence.fr\/systembio\/wp-json\/wp\/v2\/users\/1"}],"replies":[{"embeddable":true,"href":"https:\/\/www.projets-bioprovence.fr\/systembio\/wp-json\/wp\/v2\/comments?post=845"}],"version-history":[{"count":3,"href":"https:\/\/www.projets-bioprovence.fr\/systembio\/wp-json\/wp\/v2\/pages\/845\/revisions"}],"predecessor-version":[{"id":1250,"href":"https:\/\/www.projets-bioprovence.fr\/systembio\/wp-json\/wp\/v2\/pages\/845\/revisions\/1250"}],"wp:attachment":[{"href":"https:\/\/www.projets-bioprovence.fr\/systembio\/wp-json\/wp\/v2\/media?parent=845"}],"wp:term":[{"taxonomy":"category","embeddable":true,"href":"https:\/\/www.projets-bioprovence.fr\/systembio\/wp-json\/wp\/v2\/categories?post=845"},{"taxonomy":"post_tag","embeddable":true,"href":"https:\/\/www.projets-bioprovence.fr\/systembio\/wp-json\/wp\/v2\/tags?post=845"}],"curies":[{"name":"wp","href":"https:\/\/api.w.org\/{rel}","templated":true}]}}