{"id":2569,"date":"2024-12-16T10:58:05","date_gmt":"2024-12-16T10:58:05","guid":{"rendered":"https:\/\/www.projets-bioprovence.fr\/acouvert\/?page_id=2569"},"modified":"2024-12-16T11:00:04","modified_gmt":"2024-12-16T11:00:04","slug":"toutes-filieres","status":"publish","type":"page","link":"https:\/\/www.projets-bioprovence.fr\/acouvert\/toutes-filieres\/","title":{"rendered":"Toutes fili\u00e8res"},"content":{"rendered":"\t\t<div data-elementor-type=\"wp-page\" data-elementor-id=\"2569\" class=\"elementor elementor-2569\" data-elementor-post-type=\"page\">\n\t\t\t\t\t\t<section class=\"has_eae_slider elementor-section elementor-top-section elementor-element elementor-element-24a77a88 elementor-section-boxed elementor-section-height-default elementor-section-height-default\" data-eae-slider=\"51202\" data-id=\"24a77a88\" data-element_type=\"section\">\n\t\t\t\t\t\t<div class=\"elementor-container elementor-column-gap-wide\">\n\t\t\t\t\t<div class=\"has_eae_slider elementor-column elementor-col-50 elementor-top-column elementor-element elementor-element-6fc5e8cb\" data-eae-slider=\"32907\" data-id=\"6fc5e8cb\" data-element_type=\"column\">\n\t\t\t<div class=\"elementor-widget-wrap elementor-element-populated\">\n\t\t\t\t\t\t<div class=\"elementor-element elementor-element-202c124 elementor-widget elementor-widget-heading\" data-id=\"202c124\" data-element_type=\"widget\" data-widget_type=\"heading.default\">\n\t\t\t\t<div class=\"elementor-widget-container\">\n\t\t\t\t\t<h1 class=\"elementor-heading-title elementor-size-default\">Toutes fili\u00e8res<\/h1>\t\t\t\t<\/div>\n\t\t\t\t<\/div>\n\t\t\t\t<div class=\"elementor-element elementor-element-a414fef elementor-widget elementor-widget-heading\" data-id=\"a414fef\" data-element_type=\"widget\" data-widget_type=\"heading.default\">\n\t\t\t\t<div class=\"elementor-widget-container\">\n\t\t\t\t\t<h2 class=\"elementor-heading-title elementor-size-default\">GRAINES DE COUVERTS : Semences bio et locales de couverts v\u00e9g\u00e9taux<\/h2>\t\t\t\t<\/div>\n\t\t\t\t<\/div>\n\t\t\t\t<div class=\"elementor-element elementor-element-178659d elementor-widget elementor-widget-text-editor\" data-id=\"178659d\" data-element_type=\"widget\" data-widget_type=\"text-editor.default\">\n\t\t\t\t<div class=\"elementor-widget-container\">\n\t\t\t\t\t\t\t\t\t<p><span style=\"font-weight: 400;\">Les agriculteurs.trices du r\u00e9seau Bio de Provence-Alpes-C\u00f4te d\u2019Azur proposent une commande de semences bio et locales de couverts v\u00e9g\u00e9taux. Les commandes ont lieu entre avril et mai, pour des livraisons par sites d\u00e9partementaux d\u00e9but septembre.<\/span><\/p><p><span style=\"font-weight: 400;\">Si vous \u00eates int\u00e9ress\u00e9.e pour recevoir le prochain catalogue, inscrivez-vous via<\/span><a href=\"https:\/\/forms.gle\/xqGRcxZBYNCFyStQ8\"> <span style=\"font-weight: 400;\">ce lien<\/span><\/a><span style=\"font-weight: 400;\">. Pour toutes questions, merci de contacter votre conseiller du r\u00e9seau Bio de PACA.<\/span><\/p><p><span style=\"font-weight: 400;\">Retrouvez toute l\u2019actualit\u00e9 du projet Graines de Couverts sur le<\/span><a href=\"https:\/\/www.bio-provence.org\/Graines-de-Couverts\"> <span style=\"font-weight: 400;\">site Bio de PACA<\/span><\/a><span style=\"font-weight: 400;\">.<\/span><\/p>\t\t\t\t\t\t\t\t<\/div>\n\t\t\t\t<\/div>\n\t\t\t\t<div class=\"elementor-element elementor-element-5a01311 elementor-widget elementor-widget-heading\" data-id=\"5a01311\" data-element_type=\"widget\" data-widget_type=\"heading.default\">\n\t\t\t\t<div class=\"elementor-widget-container\">\n\t\t\t\t\t<h2 class=\"elementor-heading-title elementor-size-default\">COUVERTS V\u00c9G\u00c9TAUX : les ressources techniques du r\u00e9seau Bio de PACA<\/h2>\t\t\t\t<\/div>\n\t\t\t\t<\/div>\n\t\t\t\t<div class=\"elementor-element elementor-element-be381e0 elementor-widget elementor-widget-text-editor\" data-id=\"be381e0\" data-element_type=\"widget\" data-widget_type=\"text-editor.default\">\n\t\t\t\t<div class=\"elementor-widget-container\">\n\t\t\t\t\t\t\t\t\t<p><span style=\"font-weight: 400;\">Retrouvez toutes les ressources techniques, et les projets en cours, du r\u00e9seau Bio de Provence sur les <\/span><b>couverts v\u00e9g\u00e9taux<\/b><span style=\"font-weight: 400;\"> sur le <\/span><a href=\"https:\/\/www.bio-provence.org\/Couverts-vegetaux-227\"><span style=\"font-weight: 400;\">site de Bio de PACA<\/span><\/a><span style=\"font-weight: 400;\">.<\/span><\/p>\t\t\t\t\t\t\t\t<\/div>\n\t\t\t\t<\/div>\n\t\t\t\t\t<\/div>\n\t\t<\/div>\n\t\t\t\t<div class=\"has_eae_slider elementor-column elementor-col-50 elementor-top-column elementor-element elementor-element-64e6559\" data-eae-slider=\"31398\" data-id=\"64e6559\" data-element_type=\"column\">\n\t\t\t<div class=\"elementor-widget-wrap elementor-element-populated\">\n\t\t\t\t\t\t<div class=\"elementor-element elementor-element-f7d64d3 elementor-widget elementor-widget-shortcode\" data-id=\"f7d64d3\" data-element_type=\"widget\" data-widget_type=\"shortcode.default\">\n\t\t\t\t<div class=\"elementor-widget-container\">\n\t\t\t\t\t\t\t<div class=\"elementor-shortcode\">\t\t<div data-elementor-type=\"section\" data-elementor-id=\"1309\" class=\"elementor elementor-1309\" data-elementor-post-type=\"elementor_library\">\n\t\t\t\t\t<section class=\"has_eae_slider elementor-section elementor-top-section elementor-element elementor-element-be40d27 elementor-section-full_width elementor-section-height-default elementor-section-height-default\" data-eae-slider=\"78322\" data-id=\"be40d27\" data-element_type=\"section\" data-settings=\"{&quot;background_background&quot;:&quot;classic&quot;}\">\n\t\t\t\t\t\t<div class=\"elementor-container elementor-column-gap-default\">\n\t\t\t\t\t<div class=\"has_eae_slider elementor-column elementor-col-100 elementor-top-column elementor-element elementor-element-35edf72\" data-eae-slider=\"56805\" data-id=\"35edf72\" data-element_type=\"column\" data-settings=\"{&quot;background_background&quot;:&quot;gradient&quot;}\">\n\t\t\t<div class=\"elementor-widget-wrap elementor-element-populated\">\n\t\t\t\t\t\t<section class=\"has_eae_slider elementor-section elementor-inner-section elementor-element elementor-element-638e504 elementor-section-boxed elementor-section-height-default elementor-section-height-default\" data-eae-slider=\"37062\" data-id=\"638e504\" data-element_type=\"section\">\n\t\t\t\t\t\t<div class=\"elementor-container elementor-column-gap-default\">\n\t\t\t\t\t<div class=\"has_eae_slider elementor-column elementor-col-100 elementor-inner-column elementor-element elementor-element-96968d5\" data-eae-slider=\"35958\" data-id=\"96968d5\" data-element_type=\"column\" data-settings=\"{&quot;background_background&quot;:&quot;classic&quot;}\">\n\t\t\t<div class=\"elementor-widget-wrap elementor-element-populated\">\n\t\t\t\t\t\t<div class=\"elementor-element elementor-element-da1edce elementor-widget elementor-widget-image\" data-id=\"da1edce\" data-element_type=\"widget\" data-widget_type=\"image.default\">\n\t\t\t\t<div class=\"elementor-widget-container\">\n\t\t\t\t\t\t\t\t\t\t\t\t\t\t\t<img fetchpriority=\"high\" decoding=\"async\" width=\"237\" height=\"237\" src=\"https:\/\/www.projets-bioprovence.fr\/acouvert\/wp-content\/uploads\/2023\/09\/LOGO-Reseaubio.jpg\" class=\"attachment-large size-large wp-image-896\" alt=\"\" srcset=\"https:\/\/www.projets-bioprovence.fr\/acouvert\/wp-content\/uploads\/2023\/09\/LOGO-Reseaubio.jpg 237w, https:\/\/www.projets-bioprovence.fr\/acouvert\/wp-content\/uploads\/2023\/09\/LOGO-Reseaubio-150x150.jpg 150w\" sizes=\"(max-width: 237px) 100vw, 237px\" \/>\t\t\t\t\t\t\t\t\t\t\t\t\t\t\t<\/div>\n\t\t\t\t<\/div>\n\t\t\t\t<div class=\"elementor-element elementor-element-18d6c90 elementor-align-left elementor-icon-list--layout-traditional elementor-list-item-link-full_width elementor-widget elementor-widget-icon-list\" data-id=\"18d6c90\" data-element_type=\"widget\" data-widget_type=\"icon-list.default\">\n\t\t\t\t<div class=\"elementor-widget-container\">\n\t\t\t\t\t\t\t<ul class=\"elementor-icon-list-items\">\n\t\t\t\t\t\t\t<li class=\"elementor-icon-list-item\">\n\t\t\t\t\t\t\t\t\t\t\t<a href=\"tel:+33490840334\">\n\n\t\t\t\t\t\t\t\t\t\t\t\t<span class=\"elementor-icon-list-icon\">\n\t\t\t\t\t\t\t<i aria-hidden=\"true\" class=\"fas fa-phone-alt\"><\/i>\t\t\t\t\t\t<\/span>\n\t\t\t\t\t\t\t\t\t\t<span class=\"elementor-icon-list-text\">04 90 84 03 34<\/span>\n\t\t\t\t\t\t\t\t\t\t\t<\/a>\n\t\t\t\t\t\t\t\t\t<\/li>\n\t\t\t\t\t\t\t\t<li class=\"elementor-icon-list-item\">\n\t\t\t\t\t\t\t\t\t\t\t<a href=\"mailto:contact@bio-provence.org%20\">\n\n\t\t\t\t\t\t\t\t\t\t\t\t<span class=\"elementor-icon-list-icon\">\n\t\t\t\t\t\t\t<i aria-hidden=\"true\" class=\"far fa-envelope\"><\/i>\t\t\t\t\t\t<\/span>\n\t\t\t\t\t\t\t\t\t\t<span class=\"elementor-icon-list-text\">contact@bio-provence.org <\/span>\n\t\t\t\t\t\t\t\t\t\t\t<\/a>\n\t\t\t\t\t\t\t\t\t<\/li>\n\t\t\t\t\t\t\t\t<li class=\"elementor-icon-list-item\">\n\t\t\t\t\t\t\t\t\t\t\t<a href=\"https:\/\/www.bio-provence.org\/Bio-de-Provence-Alpes-Cote-d-Azur\">\n\n\t\t\t\t\t\t\t\t\t\t\t\t<span class=\"elementor-icon-list-icon\">\n\t\t\t\t\t\t\t<i aria-hidden=\"true\" class=\"fas fa-globe\"><\/i>\t\t\t\t\t\t<\/span>\n\t\t\t\t\t\t\t\t\t\t<span class=\"elementor-icon-list-text\">En savoir plus<\/span>\n\t\t\t\t\t\t\t\t\t\t\t<\/a>\n\t\t\t\t\t\t\t\t\t<\/li>\n\t\t\t\t\t\t<\/ul>\n\t\t\t\t\t\t<\/div>\n\t\t\t\t<\/div>\n\t\t\t\t<div class=\"elementor-element elementor-element-be7e3a7 elementor-widget elementor-widget-heading\" data-id=\"be7e3a7\" data-element_type=\"widget\" data-widget_type=\"heading.default\">\n\t\t\t\t<div class=\"elementor-widget-container\">\n\t\t\t\t\t<h2 class=\"elementor-heading-title elementor-size-default\">Nos partenaires<\/h2>\t\t\t\t<\/div>\n\t\t\t\t<\/div>\n\t\t\t\t<div class=\"elementor-element elementor-element-93fe233 elementor-widget elementor-widget-text-editor\" data-id=\"93fe233\" data-element_type=\"widget\" data-widget_type=\"text-editor.default\">\n\t\t\t\t<div class=\"elementor-widget-container\">\n\t\t\t\t\t\t\t\t\t<p>Agribio 04 et Bio de PACA remercient l\u2019ensemble des partenaires investis sur ce projet et dans la r\u00e9alisation de ces supports :<\/p>\t\t\t\t\t\t\t\t<\/div>\n\t\t\t\t<\/div>\n\t\t\t\t<div class=\"elementor-element elementor-element-4c3bf6d elementor-widget elementor-widget-gallery\" data-id=\"4c3bf6d\" data-element_type=\"widget\" data-settings=\"{&quot;gallery_layout&quot;:&quot;masonry&quot;,&quot;columns&quot;:3,&quot;columns_tablet&quot;:4,&quot;columns_mobile&quot;:3,&quot;gap&quot;:{&quot;unit&quot;:&quot;px&quot;,&quot;size&quot;:5,&quot;sizes&quot;:[]},&quot;gap_tablet&quot;:{&quot;unit&quot;:&quot;px&quot;,&quot;size&quot;:10,&quot;sizes&quot;:[]},&quot;gap_mobile&quot;:{&quot;unit&quot;:&quot;px&quot;,&quot;size&quot;:10,&quot;sizes&quot;:[]},&quot;content_hover_animation&quot;:&quot;fade-in&quot;}\" data-widget_type=\"gallery.default\">\n\t\t\t\t<div class=\"elementor-widget-container\">\n\t\t\t\t\t\t\t<div class=\"elementor-gallery__container\">\n\t\t\t\t\t\t\t<div class=\"e-gallery-item elementor-gallery-item elementor-animated-content\">\n\t\t\t\t\t<div class=\"e-gallery-image elementor-gallery-item__image\" data-thumbnail=\"https:\/\/www.projets-bioprovence.fr\/acouvert\/wp-content\/uploads\/2023\/09\/partenaire_arvalis.png\" data-width=\"300\" data-height=\"237\" aria-label=\"\" role=\"img\" ><\/div>\n\t\t\t\t\t\t\t\t\t\t\t\t\t\t<\/div>\n\t\t\t\t\t\t\t<div class=\"e-gallery-item elementor-gallery-item elementor-animated-content\">\n\t\t\t\t\t<div class=\"e-gallery-image elementor-gallery-item__image\" data-thumbnail=\"https:\/\/www.projets-bioprovence.fr\/acouvert\/wp-content\/uploads\/2022\/01\/partenaire_chambre04.jpg\" data-width=\"300\" data-height=\"237\" aria-label=\"\" role=\"img\" ><\/div>\n\t\t\t\t\t\t\t\t\t\t\t\t\t\t<\/div>\n\t\t\t\t\t\t\t<div class=\"e-gallery-item elementor-gallery-item elementor-animated-content\">\n\t\t\t\t\t<div class=\"e-gallery-image elementor-gallery-item__image\" data-thumbnail=\"https:\/\/www.projets-bioprovence.fr\/acouvert\/wp-content\/uploads\/2022\/01\/partenaire_crieppam.jpg\" data-width=\"300\" data-height=\"237\" aria-label=\"\" role=\"img\" ><\/div>\n\t\t\t\t\t\t\t\t\t\t\t\t\t\t<\/div>\n\t\t\t\t\t\t\t<div class=\"e-gallery-item elementor-gallery-item elementor-animated-content\">\n\t\t\t\t\t<div class=\"e-gallery-image elementor-gallery-item__image\" data-thumbnail=\"https:\/\/www.projets-bioprovence.fr\/acouvert\/wp-content\/uploads\/2022\/01\/partenaire_isara.jpg\" data-width=\"300\" data-height=\"237\" aria-label=\"\" role=\"img\" ><\/div>\n\t\t\t\t\t\t\t\t\t\t\t\t\t\t<\/div>\n\t\t\t\t\t\t\t<div class=\"e-gallery-item elementor-gallery-item elementor-animated-content\">\n\t\t\t\t\t<div class=\"e-gallery-image elementor-gallery-item__image\" data-thumbnail=\"https:\/\/www.projets-bioprovence.fr\/acouvert\/wp-content\/uploads\/2022\/01\/partenaire_itab.jpg\" data-width=\"300\" data-height=\"237\" aria-label=\"\" role=\"img\" ><\/div>\n\t\t\t\t\t\t\t\t\t\t\t\t\t\t<\/div>\n\t\t\t\t\t\t\t<div class=\"e-gallery-item elementor-gallery-item elementor-animated-content\">\n\t\t\t\t\t<div class=\"e-gallery-image elementor-gallery-item__image\" data-thumbnail=\"https:\/\/www.projets-bioprovence.fr\/acouvert\/wp-content\/uploads\/2022\/01\/partenaire_latelierpaysan.jpg\" data-width=\"300\" data-height=\"237\" aria-label=\"\" role=\"img\" ><\/div>\n\t\t\t\t\t\t\t\t\t\t\t\t\t\t<\/div>\n\t\t\t\t\t\t\t<div class=\"e-gallery-item elementor-gallery-item elementor-animated-content\">\n\t\t\t\t\t<div class=\"e-gallery-image elementor-gallery-item__image\" data-thumbnail=\"https:\/\/www.projets-bioprovence.fr\/acouvert\/wp-content\/uploads\/2022\/01\/partenaire_supagro-300x119.jpg\" data-width=\"300\" data-height=\"119\" aria-label=\"\" role=\"img\" ><\/div>\n\t\t\t\t\t\t\t\t\t\t\t\t\t\t<\/div>\n\t\t\t\t\t\t\t<div class=\"e-gallery-item elementor-gallery-item elementor-animated-content\">\n\t\t\t\t\t<div class=\"e-gallery-image elementor-gallery-item__image\" data-thumbnail=\"https:\/\/www.projets-bioprovence.fr\/acouvert\/wp-content\/uploads\/2022\/01\/partenaire_valabre.jpg\" data-width=\"300\" data-height=\"237\" aria-label=\"\" role=\"img\" ><\/div>\n\t\t\t\t\t\t\t\t\t\t\t\t\t\t<\/div>\n\t\t\t\t\t\t\t<div class=\"e-gallery-item elementor-gallery-item elementor-animated-content\">\n\t\t\t\t\t<div class=\"e-gallery-image elementor-gallery-item__image\" data-thumbnail=\"https:\/\/www.projets-bioprovence.fr\/acouvert\/wp-content\/uploads\/2022\/01\/partenaire_exploitationavignonislesursorgue.jpg\" data-width=\"300\" data-height=\"237\" aria-label=\"\" role=\"img\" ><\/div>\n\t\t\t\t\t\t\t\t\t\t\t\t\t\t<\/div>\n\t\t\t\t\t<\/div>\n\t\t\t\t\t<\/div>\n\t\t\t\t<\/div>\n\t\t\t\t\t<\/div>\n\t\t<\/div>\n\t\t\t\t\t<\/div>\n\t\t<\/section>\n\t\t\t\t<div class=\"elementor-element elementor-element-b75ff92 elementor-widget elementor-widget-spacer\" data-id=\"b75ff92\" data-element_type=\"widget\" data-widget_type=\"spacer.default\">\n\t\t\t\t<div class=\"elementor-widget-container\">\n\t\t\t\t\t\t\t<div class=\"elementor-spacer\">\n\t\t\t<div class=\"elementor-spacer-inner\"><\/div>\n\t\t<\/div>\n\t\t\t\t\t\t<\/div>\n\t\t\t\t<\/div>\n\t\t\t\t\t<\/div>\n\t\t<\/div>\n\t\t\t\t\t<\/div>\n\t\t<\/section>\n\t\t\t\t<\/div>\n\t\t<\/div>\n\t\t\t\t\t\t<\/div>\n\t\t\t\t<\/div>\n\t\t\t\t\t<\/div>\n\t\t<\/div>\n\t\t\t\t\t<\/div>\n\t\t<\/section>\n\t\t\t\t<\/div>\n\t\t","protected":false},"excerpt":{"rendered":"<p>Toutes fili\u00e8res GRAINES DE COUVERTS : Semences bio et locales de couverts v\u00e9g\u00e9taux Les agriculteurs.trices du r\u00e9seau Bio de Provence-Alpes-C\u00f4te d\u2019Azur proposent une commande de semences bio et locales de couverts v\u00e9g\u00e9taux. Les commandes ont lieu entre avril et mai, pour des livraisons par sites d\u00e9partementaux d\u00e9but septembre. Si vous \u00eates int\u00e9ress\u00e9.e pour recevoir le &#8230; <a title=\"Toutes fili\u00e8res\" class=\"read-more\" href=\"https:\/\/www.projets-bioprovence.fr\/acouvert\/toutes-filieres\/\" aria-label=\"En savoir plus sur Toutes fili\u00e8res\">Lire la suite<\/a><\/p>\n","protected":false},"author":1,"featured_media":0,"parent":0,"menu_order":0,"comment_status":"closed","ping_status":"closed","template":"elementor_header_footer","meta":{"footnotes":""},"class_list":["post-2569","page","type-page","status-publish"],"_links":{"self":[{"href":"https:\/\/www.projets-bioprovence.fr\/acouvert\/wp-json\/wp\/v2\/pages\/2569","targetHints":{"allow":["GET"]}}],"collection":[{"href":"https:\/\/www.projets-bioprovence.fr\/acouvert\/wp-json\/wp\/v2\/pages"}],"about":[{"href":"https:\/\/www.projets-bioprovence.fr\/acouvert\/wp-json\/wp\/v2\/types\/page"}],"author":[{"embeddable":true,"href":"https:\/\/www.projets-bioprovence.fr\/acouvert\/wp-json\/wp\/v2\/users\/1"}],"replies":[{"embeddable":true,"href":"https:\/\/www.projets-bioprovence.fr\/acouvert\/wp-json\/wp\/v2\/comments?post=2569"}],"version-history":[{"count":4,"href":"https:\/\/www.projets-bioprovence.fr\/acouvert\/wp-json\/wp\/v2\/pages\/2569\/revisions"}],"predecessor-version":[{"id":2575,"href":"https:\/\/www.projets-bioprovence.fr\/acouvert\/wp-json\/wp\/v2\/pages\/2569\/revisions\/2575"}],"wp:attachment":[{"href":"https:\/\/www.projets-bioprovence.fr\/acouvert\/wp-json\/wp\/v2\/media?parent=2569"}],"curies":[{"name":"wp","href":"https:\/\/api.w.org\/{rel}","templated":true}]}}