{"id":2561,"date":"2024-12-16T10:50:13","date_gmt":"2024-12-16T10:50:13","guid":{"rendered":"https:\/\/www.projets-bioprovence.fr\/acouvert\/?page_id=2561"},"modified":"2025-09-02T14:23:17","modified_gmt":"2025-09-02T14:23:17","slug":"ppam","status":"publish","type":"page","link":"https:\/\/www.projets-bioprovence.fr\/acouvert\/ppam\/","title":{"rendered":"PPAM"},"content":{"rendered":"\t\t<div data-elementor-type=\"wp-page\" data-elementor-id=\"2561\" class=\"elementor elementor-2561\" data-elementor-post-type=\"page\">\n\t\t\t\t\t\t<section class=\"has_eae_slider elementor-section elementor-top-section elementor-element elementor-element-24a77a88 elementor-section-boxed elementor-section-height-default elementor-section-height-default\" data-eae-slider=\"79496\" data-id=\"24a77a88\" data-element_type=\"section\">\n\t\t\t\t\t\t<div class=\"elementor-container elementor-column-gap-wide\">\n\t\t\t\t\t<div class=\"has_eae_slider elementor-column elementor-col-50 elementor-top-column elementor-element elementor-element-6fc5e8cb\" data-eae-slider=\"98296\" data-id=\"6fc5e8cb\" data-element_type=\"column\">\n\t\t\t<div class=\"elementor-widget-wrap elementor-element-populated\">\n\t\t\t\t\t\t<div class=\"elementor-element elementor-element-202c124 elementor-widget elementor-widget-heading\" data-id=\"202c124\" data-element_type=\"widget\" data-widget_type=\"heading.default\">\n\t\t\t\t<div class=\"elementor-widget-container\">\n\t\t\t\t\t<h1 class=\"elementor-heading-title elementor-size-default\">PPAM<\/h1>\t\t\t\t<\/div>\n\t\t\t\t<\/div>\n\t\t\t\t<div class=\"elementor-element elementor-element-a414fef elementor-widget elementor-widget-heading\" data-id=\"a414fef\" data-element_type=\"widget\" data-widget_type=\"heading.default\">\n\t\t\t\t<div class=\"elementor-widget-container\">\n\t\t\t\t\t<h2 class=\"elementor-heading-title elementor-size-default\">Les travaux du r\u00e9seau bio de PACA<\/h2>\t\t\t\t<\/div>\n\t\t\t\t<\/div>\n\t\t\t\t<div class=\"elementor-element elementor-element-178659d elementor-widget elementor-widget-text-editor\" data-id=\"178659d\" data-element_type=\"widget\" data-widget_type=\"text-editor.default\">\n\t\t\t\t<div class=\"elementor-widget-container\">\n\t\t\t\t\t\t\t\t\t<p><span style=\"font-weight: 400;\">Agribio04 &#8211; structure bio r\u00e9f\u00e9rente sur les PPAM pour la r\u00e9gion Sud-PACA &#8211; m\u00e8ne et participe \u00e0 plusieurs projets sur les couverts v\u00e9g\u00e9taux en PPAM :\u00a0<\/span><\/p><ul><li style=\"font-weight: 400;\" aria-level=\"1\"><span style=\"font-weight: 400;\">Projet <\/span><b>Green &amp; Lavande<\/b><span style=\"font-weight: 400;\"> : projet men\u00e9 par le Fonds de Sauvegarde de la Lavande en Provence &#8211; <\/span><a href=\"https:\/\/www.sauvegarde-lavandes-provence.org\/nos-actions\/\"><span style=\"font-weight: 400;\">page du projet<\/span><\/a><span style=\"font-weight: 400;\"> et <\/span><a href=\"https:\/\/www.bio-provence.org\/Green-Lavande\"><span style=\"font-weight: 400;\">notre page sp\u00e9cial r\u00e9seau bio avec les r\u00e9sultats<\/span><\/a><\/li><li style=\"font-weight: 400;\" aria-level=\"1\"><span style=\"font-weight: 400;\">Projet <\/span><b>COUVIVER<\/b><span style=\"font-weight: 400;\"> : projet men\u00e9 par le CRIEPPAM sur les couverts hivernaux en lavanderaies (voir ci-dessous)<\/span><\/li><li style=\"font-weight: 400;\" aria-level=\"1\"><span style=\"font-weight: 400;\">Projet <\/span><b>GIEE Sors tes couverts<\/b><span style=\"font-weight: 400;\"> : projet men\u00e9 par Agribio04, en partenariat avec l\u2019association de producteurs Agro\u00e9cologie et Commerce \u00c9quitable (ACE), qui regroupe une douzaine de producteurs de PPAM (principalement bio) engag\u00e9s pour travailler sur l\u2019\u00e9volution de leurs pratiques (couverts v\u00e9g\u00e9taux, agroforesterie, pr\u00e9servation de la biodiversit\u00e9, etc.) &#8211; <\/span><a href=\"https:\/\/www.bio-provence.org\/GIEE-Sors-Tes-Couverts\"><span style=\"font-weight: 400;\">page du projet<\/span><\/a><\/li><\/ul>\t\t\t\t\t\t\t\t<\/div>\n\t\t\t\t<\/div>\n\t\t\t\t<div class=\"elementor-element elementor-element-5a01311 elementor-widget elementor-widget-heading\" data-id=\"5a01311\" data-element_type=\"widget\" data-widget_type=\"heading.default\">\n\t\t\t\t<div class=\"elementor-widget-container\">\n\t\t\t\t\t<h2 class=\"elementor-heading-title elementor-size-default\">Les travaux du CRIEPPAM <\/h2>\t\t\t\t<\/div>\n\t\t\t\t<\/div>\n\t\t\t\t<div class=\"elementor-element elementor-element-be381e0 elementor-widget elementor-widget-text-editor\" data-id=\"be381e0\" data-element_type=\"widget\" data-widget_type=\"text-editor.default\">\n\t\t\t\t<div class=\"elementor-widget-container\">\n\t\t\t\t\t\t\t\t\t<p><span style=\"font-weight: 400;\">Le P\u00f4le Agronomie et Agro\u00e9cologie du CRIEPPAM travaille depuis une dizaine d\u2019ann\u00e9e sur les couverts v\u00e9g\u00e9taux en inter-rang de lavande.in, en r\u00e9gion Sud.. Les travaux d\u00e9j\u00e0 men\u00e9s et projets en cours sont \u00e0 retrouver sur le <\/span><a href=\"https:\/\/www.crieppam.fr\/categories-pole\/pole-agronomie-et-agroecologie\/\"><span style=\"font-weight: 400;\">site du CRIEPPAM<\/span><\/a><span style=\"font-weight: 400;\">.<\/span><\/p><p><br \/><span style=\"font-weight: 400;\">Un projet est notamment en cours (2023-2027) &#8211; intitul\u00e9 <\/span><b>COUVIVER<\/b><span style=\"font-weight: 400;\"> &#8211; sur les couverts hivernaux. Un autre r\u00e9cemment termin\u00e9 est le projet <\/span><b>LASSO<\/b><span style=\"font-weight: 400;\"> sur la valorisation des couverts v\u00e9g\u00e9taux inter-rangs avec l\u2019implantation d\u2019une culture de rente dans les jeunes plantations. Il s\u2019agit d\u2019une association de culture<\/span><b>. <\/b><a href=\"https:\/\/www.youtube.com\/watch?v=8wzzCQTkkuc\"><span style=\"font-weight: 400;\">La vid\u00e9o du projet est \u00e0 retrouver ici<\/span><\/a><span style=\"font-weight: 400;\">.<\/span><\/p>\t\t\t\t\t\t\t\t<\/div>\n\t\t\t\t<\/div>\n\t\t\t\t<div class=\"elementor-element elementor-element-e8dafee elementor-widget elementor-widget-heading\" data-id=\"e8dafee\" data-element_type=\"widget\" data-widget_type=\"heading.default\">\n\t\t\t\t<div class=\"elementor-widget-container\">\n\t\t\t\t\t<h2 class=\"elementor-heading-title elementor-size-default\">Les travaux de l\u2019ITEIPMAI<\/h2>\t\t\t\t<\/div>\n\t\t\t\t<\/div>\n\t\t\t\t<div class=\"elementor-element elementor-element-5fc202f elementor-widget elementor-widget-text-editor\" data-id=\"5fc202f\" data-element_type=\"widget\" data-widget_type=\"text-editor.default\">\n\t\t\t\t<div class=\"elementor-widget-container\">\n\t\t\t\t\t\t\t\t\t<p><span style=\"font-weight: 400;\">L\u2019ITEIPMAI travaille \u00e9galement depuis de nombreuses ann\u00e9es sur l\u2019introduction des couverts v\u00e9g\u00e9taux dans les cultures de PPAM (interculture, inter-rang, semis direct sous couvert, etc.). Voici quelques-uns des projets les plus r\u00e9cents sur ces sujets :\u00a0<\/span><\/p><ul><li style=\"font-weight: 400;\" aria-level=\"1\"><span style=\"font-weight: 400;\">Projet <\/span><b>RECITAL<\/b><span style=\"font-weight: 400;\"> : R\u00e9ponses aux \u00c9volutions Climatiques par l&rsquo;Innovation et les Techniques Alternatives dans les Lavanderaies (CASDAR \u00ab\u00a0innovation et Partenariat \u00a0\u00bb 2017-2020) &#8211; <\/span><a href=\"https:\/\/www.iteipmai.fr\/projets-r-d\/71-projets\/285-recital-v2\"><span style=\"font-weight: 400;\">page du projet<\/span><\/a><\/li><li style=\"font-weight: 400;\" aria-level=\"1\"><span style=\"font-weight: 400;\">Projet <\/span><b>Semis direct de PPAM sous couvert v\u00e9g\u00e9tal <\/b><span style=\"font-weight: 400;\">(PEI Sant\u00e9 du V\u00e9g\u00e9tal 2018-2021) &#8211; <\/span><a href=\"https:\/\/www.iteipmai.fr\/projets-r-d\/71-projets\/290-pei-sv\"><span style=\"font-weight: 400;\">page du projet<\/span><\/a><\/li><li style=\"font-weight: 400;\" aria-level=\"1\"><span style=\"font-weight: 400;\">Projet <\/span><b>Journ\u00e9es de diffusion et communication autour des couverts v\u00e9g\u00e9taux et du changement climatique en lavanderaie<\/b><span style=\"font-weight: 400;\"> (Assistance Technique FranceAgriMer 2021-2022) &#8211; <\/span><a href=\"https:\/\/www.iteipmai.fr\/projets-r-d\/71-projets\/289-cvlav\"><span style=\"font-weight: 400;\">page du projet<\/span><\/a><span style=\"font-weight: 400;\"> et <\/span><a href=\"https:\/\/www.youtube.com\/watch?v=VbobCeU1SOM\"><span style=\"font-weight: 400;\">vid\u00e9o du projet<\/span><\/a><\/li><li style=\"font-weight: 400;\" aria-level=\"1\"><span style=\"font-weight: 400;\">Projet <\/span><b>COUVIR<\/b><span style=\"font-weight: 400;\"> : Ma\u00eetrise de COUverts Vivants en Inter-Rang de culture de PPAM (R\u00e9gion Pays-de-la-Loire 2021-2023) &#8211; <\/span><a href=\"https:\/\/www.iteipmai.fr\/projets-r-d\/71-projets\/291-couvir\"><span style=\"font-weight: 400;\">page du projet<\/span><\/a><\/li><\/ul><p><b>Le <\/b><a href=\"https:\/\/ecophytopic.fr\/pic\/concevoir-son-systeme\/les-couverts-vegetaux-en-ppam\"><b>site Ecophytopic<\/b><\/a><b> propose une page d\u00e9di\u00e9e aux couverts v\u00e9g\u00e9taux en PPAM.<\/b><\/p>\t\t\t\t\t\t\t\t<\/div>\n\t\t\t\t<\/div>\n\t\t\t\t<div class=\"elementor-element elementor-element-1a09700 elementor-widget elementor-widget-heading\" data-id=\"1a09700\" data-element_type=\"widget\" data-widget_type=\"heading.default\">\n\t\t\t\t<div class=\"elementor-widget-container\">\n\t\t\t\t\t<h2 class=\"elementor-heading-title elementor-size-default\">Les travaux du r\u00e9seau bio \u00e0 l\u2019\u00e9chelle nationale<\/h2>\t\t\t\t<\/div>\n\t\t\t\t<\/div>\n\t\t\t\t<div class=\"elementor-element elementor-element-9ae2068 elementor-widget elementor-widget-text-editor\" data-id=\"9ae2068\" data-element_type=\"widget\" data-widget_type=\"text-editor.default\">\n\t\t\t\t<div class=\"elementor-widget-container\">\n\t\t\t\t\t\t\t\t\t<p><span style=\"font-weight: 400;\">La F\u00e9d\u00e9ration Nationale de l\u2019Agriculture Biologique (FNAB) produit des lettres d\u2019informations et articles sur toutes les fili\u00e8res agricoles biologiques en France, dont les PPAM :\u00a0<\/span><\/p><ul><li style=\"font-weight: 400;\" aria-level=\"1\"><a href=\"https:\/\/www.produire-bio.fr\/articles-pratiques\/couverts-vegetaux-investissent-ppam\/\"><span style=\"font-weight: 400;\">Les couverts v\u00e9g\u00e9taux investissent les PPAM<\/span><\/a><span style=\"font-weight: 400;\">, 2017\u00a0<\/span><\/li><li style=\"font-weight: 400;\" aria-level=\"1\"><a href=\"https:\/\/www.produire-bio.fr\/articles-pratiques\/couverts-vegetaux-en-ppam-bio-un-laboratoire-a-ciel-ouvert\/\"><span style=\"font-weight: 400;\">Couverts v\u00e9g\u00e9taux en PPAM bio, un laboratoire \u00e0 ciel ouvert<\/span><\/a><span style=\"font-weight: 400;\">, 2018<\/span><\/li><\/ul><p><span style=\"font-weight: 400;\">Tous les articles de la FNAB sur les PPAM sont <\/span><a href=\"https:\/\/www.produire-bio.fr\/filieres\/ppam\/\"><span style=\"font-weight: 400;\">\u00e0 retrouver ici<\/span><\/a><span style=\"font-weight: 400;\">.<\/span><\/p>\t\t\t\t\t\t\t\t<\/div>\n\t\t\t\t<\/div>\n\t\t\t\t\t<\/div>\n\t\t<\/div>\n\t\t\t\t<div class=\"has_eae_slider elementor-column elementor-col-50 elementor-top-column elementor-element elementor-element-64e6559\" data-eae-slider=\"3093\" data-id=\"64e6559\" data-element_type=\"column\">\n\t\t\t<div class=\"elementor-widget-wrap elementor-element-populated\">\n\t\t\t\t\t\t<div class=\"elementor-element elementor-element-f7d64d3 elementor-widget elementor-widget-shortcode\" data-id=\"f7d64d3\" data-element_type=\"widget\" data-widget_type=\"shortcode.default\">\n\t\t\t\t<div class=\"elementor-widget-container\">\n\t\t\t\t\t\t\t<div class=\"elementor-shortcode\">\t\t<div data-elementor-type=\"section\" data-elementor-id=\"1309\" class=\"elementor elementor-1309\" data-elementor-post-type=\"elementor_library\">\n\t\t\t\t\t<section class=\"has_eae_slider elementor-section elementor-top-section elementor-element elementor-element-be40d27 elementor-section-full_width elementor-section-height-default elementor-section-height-default\" data-eae-slider=\"78322\" data-id=\"be40d27\" data-element_type=\"section\" data-settings=\"{&quot;background_background&quot;:&quot;classic&quot;}\">\n\t\t\t\t\t\t<div class=\"elementor-container elementor-column-gap-default\">\n\t\t\t\t\t<div class=\"has_eae_slider elementor-column elementor-col-100 elementor-top-column elementor-element elementor-element-35edf72\" data-eae-slider=\"56805\" data-id=\"35edf72\" data-element_type=\"column\" data-settings=\"{&quot;background_background&quot;:&quot;gradient&quot;}\">\n\t\t\t<div class=\"elementor-widget-wrap elementor-element-populated\">\n\t\t\t\t\t\t<section class=\"has_eae_slider elementor-section elementor-inner-section elementor-element elementor-element-638e504 elementor-section-boxed elementor-section-height-default elementor-section-height-default\" data-eae-slider=\"37062\" data-id=\"638e504\" data-element_type=\"section\">\n\t\t\t\t\t\t<div class=\"elementor-container elementor-column-gap-default\">\n\t\t\t\t\t<div class=\"has_eae_slider elementor-column elementor-col-100 elementor-inner-column elementor-element elementor-element-96968d5\" data-eae-slider=\"35958\" data-id=\"96968d5\" data-element_type=\"column\" data-settings=\"{&quot;background_background&quot;:&quot;classic&quot;}\">\n\t\t\t<div class=\"elementor-widget-wrap elementor-element-populated\">\n\t\t\t\t\t\t<div class=\"elementor-element elementor-element-da1edce elementor-widget elementor-widget-image\" data-id=\"da1edce\" data-element_type=\"widget\" data-widget_type=\"image.default\">\n\t\t\t\t<div class=\"elementor-widget-container\">\n\t\t\t\t\t\t\t\t\t\t\t\t\t\t\t<img fetchpriority=\"high\" decoding=\"async\" width=\"237\" height=\"237\" src=\"https:\/\/www.projets-bioprovence.fr\/acouvert\/wp-content\/uploads\/2023\/09\/LOGO-Reseaubio.jpg\" class=\"attachment-large size-large wp-image-896\" alt=\"\" srcset=\"https:\/\/www.projets-bioprovence.fr\/acouvert\/wp-content\/uploads\/2023\/09\/LOGO-Reseaubio.jpg 237w, https:\/\/www.projets-bioprovence.fr\/acouvert\/wp-content\/uploads\/2023\/09\/LOGO-Reseaubio-150x150.jpg 150w\" sizes=\"(max-width: 237px) 100vw, 237px\" \/>\t\t\t\t\t\t\t\t\t\t\t\t\t\t\t<\/div>\n\t\t\t\t<\/div>\n\t\t\t\t<div class=\"elementor-element elementor-element-18d6c90 elementor-align-left elementor-icon-list--layout-traditional elementor-list-item-link-full_width elementor-widget elementor-widget-icon-list\" data-id=\"18d6c90\" data-element_type=\"widget\" data-widget_type=\"icon-list.default\">\n\t\t\t\t<div class=\"elementor-widget-container\">\n\t\t\t\t\t\t\t<ul class=\"elementor-icon-list-items\">\n\t\t\t\t\t\t\t<li class=\"elementor-icon-list-item\">\n\t\t\t\t\t\t\t\t\t\t\t<a href=\"tel:+33490840334\">\n\n\t\t\t\t\t\t\t\t\t\t\t\t<span class=\"elementor-icon-list-icon\">\n\t\t\t\t\t\t\t<i aria-hidden=\"true\" class=\"fas fa-phone-alt\"><\/i>\t\t\t\t\t\t<\/span>\n\t\t\t\t\t\t\t\t\t\t<span class=\"elementor-icon-list-text\">04 90 84 03 34<\/span>\n\t\t\t\t\t\t\t\t\t\t\t<\/a>\n\t\t\t\t\t\t\t\t\t<\/li>\n\t\t\t\t\t\t\t\t<li class=\"elementor-icon-list-item\">\n\t\t\t\t\t\t\t\t\t\t\t<a href=\"mailto:contact@bio-provence.org%20\">\n\n\t\t\t\t\t\t\t\t\t\t\t\t<span class=\"elementor-icon-list-icon\">\n\t\t\t\t\t\t\t<i aria-hidden=\"true\" class=\"far fa-envelope\"><\/i>\t\t\t\t\t\t<\/span>\n\t\t\t\t\t\t\t\t\t\t<span class=\"elementor-icon-list-text\">contact@bio-provence.org <\/span>\n\t\t\t\t\t\t\t\t\t\t\t<\/a>\n\t\t\t\t\t\t\t\t\t<\/li>\n\t\t\t\t\t\t\t\t<li class=\"elementor-icon-list-item\">\n\t\t\t\t\t\t\t\t\t\t\t<a href=\"https:\/\/www.bio-provence.org\/Bio-de-Provence-Alpes-Cote-d-Azur\">\n\n\t\t\t\t\t\t\t\t\t\t\t\t<span class=\"elementor-icon-list-icon\">\n\t\t\t\t\t\t\t<i aria-hidden=\"true\" class=\"fas fa-globe\"><\/i>\t\t\t\t\t\t<\/span>\n\t\t\t\t\t\t\t\t\t\t<span class=\"elementor-icon-list-text\">En savoir plus<\/span>\n\t\t\t\t\t\t\t\t\t\t\t<\/a>\n\t\t\t\t\t\t\t\t\t<\/li>\n\t\t\t\t\t\t<\/ul>\n\t\t\t\t\t\t<\/div>\n\t\t\t\t<\/div>\n\t\t\t\t<div class=\"elementor-element elementor-element-be7e3a7 elementor-widget elementor-widget-heading\" data-id=\"be7e3a7\" data-element_type=\"widget\" data-widget_type=\"heading.default\">\n\t\t\t\t<div class=\"elementor-widget-container\">\n\t\t\t\t\t<h2 class=\"elementor-heading-title elementor-size-default\">Nos partenaires<\/h2>\t\t\t\t<\/div>\n\t\t\t\t<\/div>\n\t\t\t\t<div class=\"elementor-element elementor-element-93fe233 elementor-widget elementor-widget-text-editor\" data-id=\"93fe233\" data-element_type=\"widget\" data-widget_type=\"text-editor.default\">\n\t\t\t\t<div class=\"elementor-widget-container\">\n\t\t\t\t\t\t\t\t\t<p>Agribio 04 et Bio de PACA remercient l\u2019ensemble des partenaires investis sur ce projet et dans la r\u00e9alisation de ces supports :<\/p>\t\t\t\t\t\t\t\t<\/div>\n\t\t\t\t<\/div>\n\t\t\t\t<div class=\"elementor-element elementor-element-4c3bf6d elementor-widget elementor-widget-gallery\" data-id=\"4c3bf6d\" data-element_type=\"widget\" data-settings=\"{&quot;gallery_layout&quot;:&quot;masonry&quot;,&quot;columns&quot;:3,&quot;columns_tablet&quot;:4,&quot;columns_mobile&quot;:3,&quot;gap&quot;:{&quot;unit&quot;:&quot;px&quot;,&quot;size&quot;:5,&quot;sizes&quot;:[]},&quot;gap_tablet&quot;:{&quot;unit&quot;:&quot;px&quot;,&quot;size&quot;:10,&quot;sizes&quot;:[]},&quot;gap_mobile&quot;:{&quot;unit&quot;:&quot;px&quot;,&quot;size&quot;:10,&quot;sizes&quot;:[]},&quot;content_hover_animation&quot;:&quot;fade-in&quot;}\" data-widget_type=\"gallery.default\">\n\t\t\t\t<div class=\"elementor-widget-container\">\n\t\t\t\t\t\t\t<div class=\"elementor-gallery__container\">\n\t\t\t\t\t\t\t<div class=\"e-gallery-item elementor-gallery-item elementor-animated-content\">\n\t\t\t\t\t<div class=\"e-gallery-image elementor-gallery-item__image\" data-thumbnail=\"https:\/\/www.projets-bioprovence.fr\/acouvert\/wp-content\/uploads\/2023\/09\/partenaire_arvalis.png\" data-width=\"300\" data-height=\"237\" aria-label=\"\" role=\"img\" ><\/div>\n\t\t\t\t\t\t\t\t\t\t\t\t\t\t<\/div>\n\t\t\t\t\t\t\t<div class=\"e-gallery-item elementor-gallery-item elementor-animated-content\">\n\t\t\t\t\t<div class=\"e-gallery-image elementor-gallery-item__image\" data-thumbnail=\"https:\/\/www.projets-bioprovence.fr\/acouvert\/wp-content\/uploads\/2022\/01\/partenaire_chambre04.jpg\" data-width=\"300\" data-height=\"237\" aria-label=\"\" role=\"img\" ><\/div>\n\t\t\t\t\t\t\t\t\t\t\t\t\t\t<\/div>\n\t\t\t\t\t\t\t<div class=\"e-gallery-item elementor-gallery-item elementor-animated-content\">\n\t\t\t\t\t<div class=\"e-gallery-image elementor-gallery-item__image\" data-thumbnail=\"https:\/\/www.projets-bioprovence.fr\/acouvert\/wp-content\/uploads\/2022\/01\/partenaire_crieppam.jpg\" data-width=\"300\" data-height=\"237\" aria-label=\"\" role=\"img\" ><\/div>\n\t\t\t\t\t\t\t\t\t\t\t\t\t\t<\/div>\n\t\t\t\t\t\t\t<div class=\"e-gallery-item elementor-gallery-item elementor-animated-content\">\n\t\t\t\t\t<div class=\"e-gallery-image elementor-gallery-item__image\" data-thumbnail=\"https:\/\/www.projets-bioprovence.fr\/acouvert\/wp-content\/uploads\/2022\/01\/partenaire_isara.jpg\" data-width=\"300\" data-height=\"237\" aria-label=\"\" role=\"img\" ><\/div>\n\t\t\t\t\t\t\t\t\t\t\t\t\t\t<\/div>\n\t\t\t\t\t\t\t<div class=\"e-gallery-item elementor-gallery-item elementor-animated-content\">\n\t\t\t\t\t<div class=\"e-gallery-image elementor-gallery-item__image\" data-thumbnail=\"https:\/\/www.projets-bioprovence.fr\/acouvert\/wp-content\/uploads\/2022\/01\/partenaire_itab.jpg\" data-width=\"300\" data-height=\"237\" aria-label=\"\" role=\"img\" ><\/div>\n\t\t\t\t\t\t\t\t\t\t\t\t\t\t<\/div>\n\t\t\t\t\t\t\t<div class=\"e-gallery-item elementor-gallery-item elementor-animated-content\">\n\t\t\t\t\t<div class=\"e-gallery-image elementor-gallery-item__image\" data-thumbnail=\"https:\/\/www.projets-bioprovence.fr\/acouvert\/wp-content\/uploads\/2022\/01\/partenaire_latelierpaysan.jpg\" data-width=\"300\" data-height=\"237\" aria-label=\"\" role=\"img\" ><\/div>\n\t\t\t\t\t\t\t\t\t\t\t\t\t\t<\/div>\n\t\t\t\t\t\t\t<div class=\"e-gallery-item elementor-gallery-item elementor-animated-content\">\n\t\t\t\t\t<div class=\"e-gallery-image elementor-gallery-item__image\" data-thumbnail=\"https:\/\/www.projets-bioprovence.fr\/acouvert\/wp-content\/uploads\/2022\/01\/partenaire_supagro-300x119.jpg\" data-width=\"300\" data-height=\"119\" aria-label=\"\" role=\"img\" ><\/div>\n\t\t\t\t\t\t\t\t\t\t\t\t\t\t<\/div>\n\t\t\t\t\t\t\t<div class=\"e-gallery-item elementor-gallery-item elementor-animated-content\">\n\t\t\t\t\t<div class=\"e-gallery-image elementor-gallery-item__image\" data-thumbnail=\"https:\/\/www.projets-bioprovence.fr\/acouvert\/wp-content\/uploads\/2022\/01\/partenaire_valabre.jpg\" data-width=\"300\" data-height=\"237\" aria-label=\"\" role=\"img\" ><\/div>\n\t\t\t\t\t\t\t\t\t\t\t\t\t\t<\/div>\n\t\t\t\t\t\t\t<div class=\"e-gallery-item elementor-gallery-item elementor-animated-content\">\n\t\t\t\t\t<div class=\"e-gallery-image elementor-gallery-item__image\" data-thumbnail=\"https:\/\/www.projets-bioprovence.fr\/acouvert\/wp-content\/uploads\/2022\/01\/partenaire_exploitationavignonislesursorgue.jpg\" data-width=\"300\" data-height=\"237\" aria-label=\"\" role=\"img\" ><\/div>\n\t\t\t\t\t\t\t\t\t\t\t\t\t\t<\/div>\n\t\t\t\t\t<\/div>\n\t\t\t\t\t<\/div>\n\t\t\t\t<\/div>\n\t\t\t\t\t<\/div>\n\t\t<\/div>\n\t\t\t\t\t<\/div>\n\t\t<\/section>\n\t\t\t\t<div class=\"elementor-element elementor-element-b75ff92 elementor-widget elementor-widget-spacer\" data-id=\"b75ff92\" data-element_type=\"widget\" data-widget_type=\"spacer.default\">\n\t\t\t\t<div class=\"elementor-widget-container\">\n\t\t\t\t\t\t\t<div class=\"elementor-spacer\">\n\t\t\t<div class=\"elementor-spacer-inner\"><\/div>\n\t\t<\/div>\n\t\t\t\t\t\t<\/div>\n\t\t\t\t<\/div>\n\t\t\t\t\t<\/div>\n\t\t<\/div>\n\t\t\t\t\t<\/div>\n\t\t<\/section>\n\t\t\t\t<\/div>\n\t\t<\/div>\n\t\t\t\t\t\t<\/div>\n\t\t\t\t<\/div>\n\t\t\t\t\t<\/div>\n\t\t<\/div>\n\t\t\t\t\t<\/div>\n\t\t<\/section>\n\t\t\t\t<\/div>\n\t\t","protected":false},"excerpt":{"rendered":"<p>PPAM Les travaux du r\u00e9seau bio de PACA Agribio04 &#8211; structure bio r\u00e9f\u00e9rente sur les PPAM pour la r\u00e9gion Sud-PACA &#8211; m\u00e8ne et participe \u00e0 plusieurs projets sur les couverts v\u00e9g\u00e9taux en PPAM :\u00a0 Projet Green &amp; Lavande : projet men\u00e9 par le Fonds de Sauvegarde de la Lavande en Provence &#8211; page du projet &#8230; <a title=\"PPAM\" class=\"read-more\" href=\"https:\/\/www.projets-bioprovence.fr\/acouvert\/ppam\/\" aria-label=\"En savoir plus sur PPAM\">Lire la suite<\/a><\/p>\n","protected":false},"author":1,"featured_media":0,"parent":0,"menu_order":0,"comment_status":"closed","ping_status":"closed","template":"elementor_header_footer","meta":{"footnotes":""},"class_list":["post-2561","page","type-page","status-publish"],"_links":{"self":[{"href":"https:\/\/www.projets-bioprovence.fr\/acouvert\/wp-json\/wp\/v2\/pages\/2561","targetHints":{"allow":["GET"]}}],"collection":[{"href":"https:\/\/www.projets-bioprovence.fr\/acouvert\/wp-json\/wp\/v2\/pages"}],"about":[{"href":"https:\/\/www.projets-bioprovence.fr\/acouvert\/wp-json\/wp\/v2\/types\/page"}],"author":[{"embeddable":true,"href":"https:\/\/www.projets-bioprovence.fr\/acouvert\/wp-json\/wp\/v2\/users\/1"}],"replies":[{"embeddable":true,"href":"https:\/\/www.projets-bioprovence.fr\/acouvert\/wp-json\/wp\/v2\/comments?post=2561"}],"version-history":[{"count":8,"href":"https:\/\/www.projets-bioprovence.fr\/acouvert\/wp-json\/wp\/v2\/pages\/2561\/revisions"}],"predecessor-version":[{"id":2642,"href":"https:\/\/www.projets-bioprovence.fr\/acouvert\/wp-json\/wp\/v2\/pages\/2561\/revisions\/2642"}],"wp:attachment":[{"href":"https:\/\/www.projets-bioprovence.fr\/acouvert\/wp-json\/wp\/v2\/media?parent=2561"}],"curies":[{"name":"wp","href":"https:\/\/api.w.org\/{rel}","templated":true}]}}